{"id":206,"date":"2026-03-25T14:54:27","date_gmt":"2026-03-25T14:54:27","guid":{"rendered":"https:\/\/velya.hotcat3d.fr\/?page_id=206"},"modified":"2026-03-30T11:28:32","modified_gmt":"2026-03-30T11:28:32","slug":"accueil","status":"publish","type":"page","link":"https:\/\/velya.hotcat3d.fr\/","title":{"rendered":"Bonnet satin VELYA"},"content":{"rendered":"\n<div class=\"wp-block-group\" style=\"margin-top:0;margin-bottom:0;padding-top:var(--wp--preset--spacing--50);padding-bottom:var(--wp--preset--spacing--50)\"><div class=\"wp-block-group__inner-container is-layout-constrained wp-block-group-is-layout-constrained\">\n<h3 class=\"wp-block-heading\">\u201cR\u00e9veille-toi avec des cheveux doux, <br>sans casse\u201d<\/h3>\n\n\n\n<p class=\"has-text-align-left has-text-color has-link-color has-normal-font-size wp-elements-c41f25f445bf052ca271f3770dd599de\" style=\"color:#fbd217\"><strong>Bonnet satin premium \u2013 protection pendant la nuit<\/strong><\/p>\n\n\n\n<div class=\"wp-block-media-text is-stacked-on-mobile is-vertically-aligned-top\" style=\"grid-template-columns:38% auto\"><figure class=\"wp-block-media-text__media\"><img loading=\"lazy\" decoding=\"async\" width=\"750\" height=\"750\" src=\"https:\/\/velya.hotcat3d.fr\/wp-content\/uploads\/bonnet025.jpg\" alt=\"\" class=\"wp-image-287 size-full\" srcset=\"https:\/\/velya.hotcat3d.fr\/wp-content\/uploads\/bonnet025.jpg 750w, https:\/\/velya.hotcat3d.fr\/wp-content\/uploads\/bonnet025-300x300.jpg 300w, https:\/\/velya.hotcat3d.fr\/wp-content\/uploads\/bonnet025-150x150.jpg 150w\" sizes=\"auto, (max-width: 750px) 100vw, 750px\" \/><\/figure><div class=\"wp-block-media-text__content\">\n<p><em>\u201cMoins de casse. Plus de douceur.<br>Ton glow commence la nuit.\u201d<\/em><\/p>\n\n\n\n<figure class=\"wp-block-image size-full is-resized\"><a href=\"#FORMULAIRE\"><img loading=\"lazy\" decoding=\"async\" width=\"625\" height=\"313\" src=\"https:\/\/velya.hotcat3d.fr\/wp-content\/uploads\/Bouton-Velya-01-01.png\" alt=\"\" class=\"wp-image-394\" style=\"aspect-ratio:1.9967677535887443;width:254px;height:auto\" srcset=\"https:\/\/velya.hotcat3d.fr\/wp-content\/uploads\/Bouton-Velya-01-01.png 625w, https:\/\/velya.hotcat3d.fr\/wp-content\/uploads\/Bouton-Velya-01-01-300x150.png 300w\" sizes=\"auto, (max-width: 625px) 100vw, 625px\" \/><\/a><\/figure>\n<\/div><\/div>\n\n\n\n<div class=\"wp-block-media-text is-stacked-on-mobile\" style=\"grid-template-columns:39% auto\"><figure class=\"wp-block-media-text__media\"><img loading=\"lazy\" decoding=\"async\" width=\"1024\" height=\"682\" src=\"https:\/\/velya.hotcat3d.fr\/wp-content\/uploads\/bonnet020.jpg\" alt=\"\" class=\"wp-image-320 size-full\" srcset=\"https:\/\/velya.hotcat3d.fr\/wp-content\/uploads\/bonnet020.jpg 1024w, https:\/\/velya.hotcat3d.fr\/wp-content\/uploads\/bonnet020-300x200.jpg 300w, https:\/\/velya.hotcat3d.fr\/wp-content\/uploads\/bonnet020-768x512.jpg 768w\" sizes=\"auto, (max-width: 1024px) 100vw, 1024px\" \/><\/figure><div class=\"wp-block-media-text__content\">\n<p>&#8211; R\u00e9duit la casse des cheveux<br>&#8211; Pr\u00e9serve l\u2019hydratation<br>&#8211; Limite les frisottis<br>&#8211; Confortable toute la nuit<\/p>\n<\/div><\/div>\n\n\n\n<p class=\"has-small-font-size\"><em>\u201cLe coton ass\u00e8che et casse les cheveux pendant la nuit.<br>Le satin VELYA prot\u00e8ge et pr\u00e9serve leur douceur.\u201d<\/em><\/p>\n\n\n\n<figure class=\"wp-block-gallery has-nested-images columns-default is-cropped wp-block-gallery-1 is-layout-flex wp-block-gallery-is-layout-flex\">\n<figure class=\"wp-block-image size-large\"><img loading=\"lazy\" decoding=\"async\" width=\"682\" height=\"1024\" data-id=\"282\" src=\"https:\/\/velya.hotcat3d.fr\/wp-content\/uploads\/bonnet017.jpg\" alt=\"\" class=\"wp-image-282\" srcset=\"https:\/\/velya.hotcat3d.fr\/wp-content\/uploads\/bonnet017.jpg 682w, https:\/\/velya.hotcat3d.fr\/wp-content\/uploads\/bonnet017-200x300.jpg 200w\" sizes=\"auto, (max-width: 682px) 100vw, 682px\" \/><\/figure>\n\n\n\n<figure class=\"wp-block-image size-large\"><img loading=\"lazy\" decoding=\"async\" width=\"682\" height=\"1024\" data-id=\"280\" src=\"https:\/\/velya.hotcat3d.fr\/wp-content\/uploads\/bonnet014.jpg\" alt=\"\" class=\"wp-image-280\" srcset=\"https:\/\/velya.hotcat3d.fr\/wp-content\/uploads\/bonnet014.jpg 682w, https:\/\/velya.hotcat3d.fr\/wp-content\/uploads\/bonnet014-200x300.jpg 200w\" sizes=\"auto, (max-width: 682px) 100vw, 682px\" \/><\/figure>\n\n\n\n<figure class=\"wp-block-image size-large\"><img loading=\"lazy\" decoding=\"async\" width=\"682\" height=\"1024\" data-id=\"289\" src=\"https:\/\/velya.hotcat3d.fr\/wp-content\/uploads\/bonnet027.jpg\" alt=\"\" class=\"wp-image-289\" srcset=\"https:\/\/velya.hotcat3d.fr\/wp-content\/uploads\/bonnet027.jpg 682w, https:\/\/velya.hotcat3d.fr\/wp-content\/uploads\/bonnet027-200x300.jpg 200w\" sizes=\"auto, (max-width: 682px) 100vw, 682px\" \/><\/figure>\n<\/figure>\n<\/div><\/div>\n\n\n\n<p class=\"has-extra-small-font-size\"><em>\u00ab\u00a0Test\u00e9 pendant la nuit Convient \u00e0 tous types de cheveux Satin doux haute qualit\u00e9\u201d<\/em><\/p>\n\n\n\n<div style=\"height:0px\" aria-hidden=\"true\" class=\"wp-block-spacer\"><\/div>\n\n\n\n<hr class=\"wp-block-separator has-alpha-channel-opacity\"\/>\n\n\n\nngg_shortcode_0_placeholder\n\n\n<h6>\u2b50\ufe0f\u2b50\ufe0f\u2b50\ufe0f\u2b50\ufe0f\u2b50\ufe0f<br \/>\u201cMes cheveux sont beaucoup moins secs au r\u00e9veil\u201d \u2013 Sarah<\/h6>\n<p>\u2b50\ufe0f\u2b50\ufe0f\u2b50\ufe0f\u2b50\ufe0f\u2b50\ufe0f<br \/>\u201cMoins de frisottis d\u00e8s la premi\u00e8re nuit\u201d \u2013 In\u00e8s<\/p>\n\n\n<div style=\"height:22px\" aria-hidden=\"true\" class=\"wp-block-spacer\"><\/div>\n\n\n\n<p id=\"FORMULAIRE\"><a href=\"#FORMULAIRE\">FORMULAIRE<\/a> D&rsquo;ACHAT<\/p>\n\n\n\n<p><\/p>\n","protected":false},"excerpt":{"rendered":"<p>\u201cR\u00e9veille-toi avec des cheveux doux, sans casse\u201d Bonnet satin premium \u2013 protection pendant la nuit \u201cMoins de casse. Plus de douceur.Ton glow commence la nuit.\u201d &#8211; R\u00e9duit la casse des cheveux&#8211; Pr\u00e9serve l\u2019hydratation&#8211; Limite les frisottis&#8211; Confortable toute la nuit \u201cLe coton ass\u00e8che et casse les cheveux pendant la nuit.Le satin VELYA prot\u00e8ge et pr\u00e9serve&hellip; <a class=\"more-link\" href=\"https:\/\/velya.hotcat3d.fr\/\">Poursuivre la lecture <span class=\"screen-reader-text\">Bonnet satin VELYA<\/span><\/a><\/p>\n","protected":false},"author":1,"featured_media":0,"parent":0,"menu_order":0,"comment_status":"closed","ping_status":"closed","template":"","meta":{"ngg_post_thumbnail":0,"footnotes":""},"class_list":["post-206","page","type-page","status-publish","hentry","entry"],"_links":{"self":[{"href":"https:\/\/velya.hotcat3d.fr\/index.php\/wp-json\/wp\/v2\/pages\/206","targetHints":{"allow":["GET"]}}],"collection":[{"href":"https:\/\/velya.hotcat3d.fr\/index.php\/wp-json\/wp\/v2\/pages"}],"about":[{"href":"https:\/\/velya.hotcat3d.fr\/index.php\/wp-json\/wp\/v2\/types\/page"}],"author":[{"embeddable":true,"href":"https:\/\/velya.hotcat3d.fr\/index.php\/wp-json\/wp\/v2\/users\/1"}],"replies":[{"embeddable":true,"href":"https:\/\/velya.hotcat3d.fr\/index.php\/wp-json\/wp\/v2\/comments?post=206"}],"version-history":[{"count":46,"href":"https:\/\/velya.hotcat3d.fr\/index.php\/wp-json\/wp\/v2\/pages\/206\/revisions"}],"predecessor-version":[{"id":396,"href":"https:\/\/velya.hotcat3d.fr\/index.php\/wp-json\/wp\/v2\/pages\/206\/revisions\/396"}],"wp:attachment":[{"href":"https:\/\/velya.hotcat3d.fr\/index.php\/wp-json\/wp\/v2\/media?parent=206"}],"curies":[{"name":"wp","href":"https:\/\/api.w.org\/{rel}","templated":true}]}}